{"id":2047,"date":"2023-09-24T00:03:41","date_gmt":"2023-09-24T00:03:41","guid":{"rendered":"https:\/\/nexusrelocation.mx\/?page_id=2047"},"modified":"2023-09-24T02:26:57","modified_gmt":"2023-09-24T02:26:57","slug":"tramites-migratorios-2","status":"publish","type":"page","link":"https:\/\/nexusrelocation.mx\/index.php\/tramites-migratorios-2\/","title":{"rendered":"TR\u00c1MITES MIGRATORIOS"},"content":{"rendered":"\t\t<div data-elementor-type=\"wp-page\" data-elementor-id=\"2047\" class=\"elementor elementor-2047\" data-elementor-post-type=\"page\">\n\t\t\t\t\t\t<section class=\"elementor-section elementor-top-section elementor-element elementor-element-abf63f6 elementor-section-full_width elementor-section-height-min-height elementor-section-height-default elementor-section-items-middle\" data-id=\"abf63f6\" data-element_type=\"section\" data-e-type=\"section\" data-settings=\"{&quot;background_background&quot;:&quot;classic&quot;}\">\n\t\t\t\t\t\t\t<div class=\"elementor-background-overlay\"><\/div>\n\t\t\t\t\t\t\t<div class=\"elementor-container elementor-column-gap-default\">\n\t\t\t\t\t<div class=\"elementor-column elementor-col-100 elementor-top-column elementor-element elementor-element-75cdbb4\" data-id=\"75cdbb4\" data-element_type=\"column\" data-e-type=\"column\">\n\t\t\t<div class=\"elementor-widget-wrap elementor-element-populated\">\n\t\t\t\t\t\t<div class=\"elementor-element elementor-element-b804bc4 elementor-invisible elementor-widget elementor-widget-heading\" data-id=\"b804bc4\" data-element_type=\"widget\" data-e-type=\"widget\" data-settings=\"{&quot;_animation&quot;:&quot;fadeInDown&quot;}\" data-widget_type=\"heading.default\">\n\t\t\t\t<div class=\"elementor-widget-container\">\n\t\t\t\t\t<h2 class=\"elementor-heading-title elementor-size-default\">Descubre en NEXUS las Soluciones Expertas <\/BR>que Simplifican tu Reubicaci\u00f3n<\/h2>\t\t\t\t<\/div>\n\t\t\t\t<\/div>\n\t\t\t\t\t<\/div>\n\t\t<\/div>\n\t\t\t\t\t<\/div>\n\t\t<\/section>\n\t\t\t\t<section class=\"elementor-section elementor-top-section elementor-element elementor-element-3f84445 elementor-section-full_width elementor-section-height-default elementor-section-height-default\" data-id=\"3f84445\" data-element_type=\"section\" data-e-type=\"section\" data-settings=\"{&quot;background_background&quot;:&quot;classic&quot;}\">\n\t\t\t\t\t\t<div class=\"elementor-container elementor-column-gap-default\">\n\t\t\t\t\t<div class=\"elementor-column elementor-col-100 elementor-top-column elementor-element elementor-element-587eada\" data-id=\"587eada\" data-element_type=\"column\" data-e-type=\"column\">\n\t\t\t<div class=\"elementor-widget-wrap elementor-element-populated\">\n\t\t\t\t\t\t<div class=\"elementor-element elementor-element-ce547a8 elementor-invisible elementor-widget elementor-widget-text-editor\" data-id=\"ce547a8\" data-element_type=\"widget\" data-e-type=\"widget\" data-settings=\"{&quot;_animation&quot;:&quot;fadeInUp&quot;}\" data-widget_type=\"text-editor.default\">\n\t\t\t\t<div class=\"elementor-widget-container\">\n\t\t\t\t\t\t\t\t\t<p>En NEXUS, comprendemos que tu \u00e9xito en la reubicaci\u00f3n depende de una planificaci\u00f3n sin fisuras y de una ejecuci\u00f3n sin problemas.Es por eso que hemos dise\u00f1ado soluciones completas que abordan los dos pilares fundamentales de este emocionante viaje<\/p>\t\t\t\t\t\t\t\t<\/div>\n\t\t\t\t<\/div>\n\t\t\t\t\t<\/div>\n\t\t<\/div>\n\t\t\t\t\t<\/div>\n\t\t<\/section>\n\t\t\t\t<section class=\"elementor-section elementor-top-section elementor-element elementor-element-01794ff elementor-section-full_width elementor-section-content-middle elementor-section-height-default elementor-section-height-default\" data-id=\"01794ff\" data-element_type=\"section\" data-e-type=\"section\" data-settings=\"{&quot;background_background&quot;:&quot;classic&quot;}\">\n\t\t\t\t\t\t<div class=\"elementor-container elementor-column-gap-no\">\n\t\t\t\t\t<div class=\"elementor-column elementor-col-50 elementor-top-column elementor-element elementor-element-22a5ab6\" data-id=\"22a5ab6\" data-element_type=\"column\" data-e-type=\"column\">\n\t\t\t<div class=\"elementor-widget-wrap elementor-element-populated\">\n\t\t\t\t\t\t<div class=\"elementor-element elementor-element-1ab5a65 elementor-invisible elementor-widget elementor-widget-image\" data-id=\"1ab5a65\" data-element_type=\"widget\" data-e-type=\"widget\" data-settings=\"{&quot;_animation&quot;:&quot;fadeInDown&quot;}\" data-widget_type=\"image.default\">\n\t\t\t\t<div class=\"elementor-widget-container\">\n\t\t\t\t\t\t\t\t\t\t\t\t\t\t\t<img fetchpriority=\"high\" decoding=\"async\" width=\"1040\" height=\"1300\" src=\"https:\/\/nexusrelocation.mx\/wp-content\/uploads\/2023\/09\/pexels-photo-4353813.jpeg\" class=\"attachment-full size-full wp-image-2129\" alt=\"\" srcset=\"https:\/\/nexusrelocation.mx\/wp-content\/uploads\/2023\/09\/pexels-photo-4353813.jpeg 1040w, https:\/\/nexusrelocation.mx\/wp-content\/uploads\/2023\/09\/pexels-photo-4353813-240x300.jpeg 240w, https:\/\/nexusrelocation.mx\/wp-content\/uploads\/2023\/09\/pexels-photo-4353813-819x1024.jpeg 819w, https:\/\/nexusrelocation.mx\/wp-content\/uploads\/2023\/09\/pexels-photo-4353813-768x960.jpeg 768w\" sizes=\"(max-width: 1040px) 100vw, 1040px\" \/>\t\t\t\t\t\t\t\t\t\t\t\t\t\t\t<\/div>\n\t\t\t\t<\/div>\n\t\t\t\t\t<\/div>\n\t\t<\/div>\n\t\t\t\t<div class=\"elementor-column elementor-col-50 elementor-top-column elementor-element elementor-element-711bad8\" data-id=\"711bad8\" data-element_type=\"column\" data-e-type=\"column\">\n\t\t\t<div class=\"elementor-widget-wrap elementor-element-populated\">\n\t\t\t\t\t\t<div class=\"elementor-element elementor-element-a85e598 elementor-invisible elementor-widget elementor-widget-heading\" data-id=\"a85e598\" data-element_type=\"widget\" data-e-type=\"widget\" data-settings=\"{&quot;_animation&quot;:&quot;fadeInDown&quot;}\" data-widget_type=\"heading.default\">\n\t\t\t\t<div class=\"elementor-widget-container\">\n\t\t\t\t\t<h2 class=\"elementor-heading-title elementor-size-default\">1.\tAsesor\u00eda y Tr\u00e1mites Migratorios: Tu Paso Seguro a M\u00e9xico<\/h2>\t\t\t\t<\/div>\n\t\t\t\t<\/div>\n\t\t\t\t<div class=\"elementor-element elementor-element-e78b683 elementor-invisible elementor-widget elementor-widget-text-editor\" data-id=\"e78b683\" data-element_type=\"widget\" data-e-type=\"widget\" data-settings=\"{&quot;_animation&quot;:&quot;fadeInRight&quot;}\" data-widget_type=\"text-editor.default\">\n\t\t\t\t<div class=\"elementor-widget-container\">\n\t\t\t\t\t\t\t\t\t<p>En el laberinto de tr\u00e1mites y permisos, estamos a tu lado con expertos altamente capacitados. Entendemos la importancia cr\u00edtica de que t\u00fa, como expatriado, y tu familia se sientan respaldados en su nuevo hogar. Nuestra asesor\u00eda y gesti\u00f3n de tr\u00e1mites migratorios se adhiere rigurosamente a las leyes vigentes en M\u00e9xico, brind\u00e1ndote la confianza y la tranquilidad que mereces.<\/p>\t\t\t\t\t\t\t\t<\/div>\n\t\t\t\t<\/div>\n\t\t\t\t<div class=\"elementor-element elementor-element-52e9735 elementor-invisible elementor-widget elementor-widget-toggle\" data-id=\"52e9735\" data-element_type=\"widget\" data-e-type=\"widget\" data-settings=\"{&quot;_animation&quot;:&quot;fadeInRight&quot;}\" data-widget_type=\"toggle.default\">\n\t\t\t\t<div class=\"elementor-widget-container\">\n\t\t\t\t\t\t\t<div class=\"elementor-toggle\">\n\t\t\t\t\t\t\t<div class=\"elementor-toggle-item\">\n\t\t\t\t\t<div id=\"elementor-tab-title-8691\" class=\"elementor-tab-title\" data-tab=\"1\" role=\"button\" aria-controls=\"elementor-tab-content-8691\" aria-expanded=\"false\">\n\t\t\t\t\t\t\t\t\t\t\t\t<span class=\"elementor-toggle-icon elementor-toggle-icon-left\" aria-hidden=\"true\">\n\t\t\t\t\t\t\t\t\t\t\t\t\t\t\t<span class=\"elementor-toggle-icon-closed\"><i class=\"fas fa-caret-right\"><\/i><\/span>\n\t\t\t\t\t\t\t\t<span class=\"elementor-toggle-icon-opened\"><i class=\"elementor-toggle-icon-opened fas fa-caret-up\"><\/i><\/span>\n\t\t\t\t\t\t\t\t\t\t\t\t\t<\/span>\n\t\t\t\t\t\t\t\t\t\t\t\t<a class=\"elementor-toggle-title\" tabindex=\"0\">1.1.\tPara tu Empresa: <\/a>\n\t\t\t\t\t<\/div>\n\n\t\t\t\t\t<div id=\"elementor-tab-content-8691\" class=\"elementor-tab-content elementor-clearfix\" data-tab=\"1\" role=\"region\" aria-labelledby=\"elementor-tab-title-8691\"><p style=\"text-align: justify;\">Facilitamos la gesti\u00f3n de la OBTENCI\u00d3N Y ACTUALIZACI\u00d3N DE CONSTANCIA DE EMPLEADOR. Cumple sin complicaciones los requisitos legales necesarios para contratar a talento extranjero.<\/p><\/div>\n\t\t\t\t<\/div>\n\t\t\t\t\t\t\t<div class=\"elementor-toggle-item\">\n\t\t\t\t\t<div id=\"elementor-tab-title-8692\" class=\"elementor-tab-title\" data-tab=\"2\" role=\"button\" aria-controls=\"elementor-tab-content-8692\" aria-expanded=\"false\">\n\t\t\t\t\t\t\t\t\t\t\t\t<span class=\"elementor-toggle-icon elementor-toggle-icon-left\" aria-hidden=\"true\">\n\t\t\t\t\t\t\t\t\t\t\t\t\t\t\t<span class=\"elementor-toggle-icon-closed\"><i class=\"fas fa-caret-right\"><\/i><\/span>\n\t\t\t\t\t\t\t\t<span class=\"elementor-toggle-icon-opened\"><i class=\"elementor-toggle-icon-opened fas fa-caret-up\"><\/i><\/span>\n\t\t\t\t\t\t\t\t\t\t\t\t\t<\/span>\n\t\t\t\t\t\t\t\t\t\t\t\t<a class=\"elementor-toggle-title\" tabindex=\"0\">1.2.\tPara tus Colaboradores:<\/a>\n\t\t\t\t\t<\/div>\n\n\t\t\t\t\t<div id=\"elementor-tab-content-8692\" class=\"elementor-tab-content elementor-clearfix\" data-tab=\"2\" role=\"region\" aria-labelledby=\"elementor-tab-title-8692\"><p style=\"text-align: justify;\">Simplificamos el proceso ante el Instituto Nacional de Migraci\u00f3n para la OBTENCI\u00d3N DE VISA POR OFERTA DE EMPLEO, PERMISOS DE TRABAJO y los pasos cruciales para que la familia de tu colaborador se una a su aventura en M\u00e9xico. Todo esto, respaldado por nuestro conocimiento y experiencia en los tr\u00e1mites legales que envuelven la estad\u00eda de un expatriado en nuestro pa\u00eds.<\/p><\/div>\n\t\t\t\t<\/div>\n\t\t\t\t\t\t\t\t<\/div>\n\t\t\t\t\t\t<\/div>\n\t\t\t\t<\/div>\n\t\t\t\t\t<\/div>\n\t\t<\/div>\n\t\t\t\t\t<\/div>\n\t\t<\/section>\n\t\t\t\t<section class=\"elementor-section elementor-top-section elementor-element elementor-element-7622eb7 elementor-section-full_width elementor-section-height-min-height elementor-section-height-default elementor-section-items-middle\" data-id=\"7622eb7\" data-element_type=\"section\" data-e-type=\"section\" data-settings=\"{&quot;background_background&quot;:&quot;video&quot;,&quot;background_video_link&quot;:&quot;https:\\\/\\\/nexusrelocation.mx\\\/wp-content\\\/uploads\\\/2023\\\/09\\\/bags-in-airport-terminal-2022-08-04-10-45-30-utc.mp4&quot;}\">\n\t\t\t\t\t\t\t\t<div class=\"elementor-background-video-container elementor-hidden-mobile\">\n\t\t\t\t\t\t\t\t\t\t\t\t\t<video class=\"elementor-background-video-hosted\" role=\"presentation\" autoplay muted playsinline loop><\/video>\n\t\t\t\t\t\t\t\t\t\t\t<\/div>\n\t\t\t\t\t\t\t\t\t<div class=\"elementor-background-overlay\"><\/div>\n\t\t\t\t\t\t\t<div class=\"elementor-container elementor-column-gap-default\">\n\t\t\t\t\t<div class=\"elementor-column elementor-col-100 elementor-top-column elementor-element elementor-element-e3c1a34\" data-id=\"e3c1a34\" data-element_type=\"column\" data-e-type=\"column\">\n\t\t\t<div class=\"elementor-widget-wrap\">\n\t\t\t\t\t\t\t<\/div>\n\t\t<\/div>\n\t\t\t\t\t<\/div>\n\t\t<\/section>\n\t\t\t\t<\/div>\n\t\t","protected":false},"excerpt":{"rendered":"<p>Descubre en NEXUS las Soluciones Expertas que Simplifican tu Reubicaci\u00f3n En NEXUS, comprendemos que tu \u00e9xito en la reubicaci\u00f3n depende de una planificaci\u00f3n sin fisuras y de una ejecuci\u00f3n sin problemas.Es por eso que hemos dise\u00f1ado soluciones completas que abordan los dos pilares fundamentales de este emocionante viaje 1. Asesor\u00eda y Tr\u00e1mites Migratorios: Tu Paso [&hellip;]<\/p>\n","protected":false},"author":1,"featured_media":0,"parent":0,"menu_order":0,"comment_status":"closed","ping_status":"closed","template":"elementor_header_footer","meta":{"footnotes":""},"class_list":["post-2047","page","type-page","status-publish","hentry"],"_links":{"self":[{"href":"https:\/\/nexusrelocation.mx\/index.php\/wp-json\/wp\/v2\/pages\/2047","targetHints":{"allow":["GET"]}}],"collection":[{"href":"https:\/\/nexusrelocation.mx\/index.php\/wp-json\/wp\/v2\/pages"}],"about":[{"href":"https:\/\/nexusrelocation.mx\/index.php\/wp-json\/wp\/v2\/types\/page"}],"author":[{"embeddable":true,"href":"https:\/\/nexusrelocation.mx\/index.php\/wp-json\/wp\/v2\/users\/1"}],"replies":[{"embeddable":true,"href":"https:\/\/nexusrelocation.mx\/index.php\/wp-json\/wp\/v2\/comments?post=2047"}],"version-history":[{"count":115,"href":"https:\/\/nexusrelocation.mx\/index.php\/wp-json\/wp\/v2\/pages\/2047\/revisions"}],"predecessor-version":[{"id":2279,"href":"https:\/\/nexusrelocation.mx\/index.php\/wp-json\/wp\/v2\/pages\/2047\/revisions\/2279"}],"wp:attachment":[{"href":"https:\/\/nexusrelocation.mx\/index.php\/wp-json\/wp\/v2\/media?parent=2047"}],"curies":[{"name":"wp","href":"https:\/\/api.w.org\/{rel}","templated":true}]}}