{"id":1905,"date":"2023-09-23T22:45:37","date_gmt":"2023-09-23T22:45:37","guid":{"rendered":"https:\/\/nexusrelocation.mx\/?page_id=1905"},"modified":"2023-09-24T00:44:04","modified_gmt":"2023-09-24T00:44:04","slug":"home","status":"publish","type":"page","link":"https:\/\/nexusrelocation.mx\/","title":{"rendered":"HOME-INICIO"},"content":{"rendered":"\t\t<div data-elementor-type=\"wp-page\" data-elementor-id=\"1905\" class=\"elementor elementor-1905\" data-elementor-post-type=\"page\">\n\t\t\t\t\t\t<section class=\"elementor-section elementor-top-section elementor-element elementor-element-a935823 elementor-section-full_width elementor-section-height-min-height elementor-section-height-default elementor-section-items-middle\" data-id=\"a935823\" data-element_type=\"section\" data-e-type=\"section\" data-settings=\"{&quot;background_background&quot;:&quot;video&quot;,&quot;background_video_link&quot;:&quot;https:\\\/\\\/nexusrelocation.mx\\\/wp-content\\\/uploads\\\/2023\\\/09\\\/family-in-emigration-with-valise-2022-11-24-01-36-56-utc.mp4&quot;,&quot;background_play_on_mobile&quot;:&quot;yes&quot;}\">\n\t\t\t\t\t\t\t\t<div class=\"elementor-background-video-container\">\n\t\t\t\t\t\t\t\t\t\t\t\t\t<video class=\"elementor-background-video-hosted\" role=\"presentation\" autoplay muted playsinline loop><\/video>\n\t\t\t\t\t\t\t\t\t\t\t<\/div>\n\t\t\t\t\t\t\t\t\t<div class=\"elementor-background-overlay\"><\/div>\n\t\t\t\t\t\t\t<div class=\"elementor-container elementor-column-gap-default\">\n\t\t\t\t\t<div class=\"elementor-column elementor-col-100 elementor-top-column elementor-element elementor-element-50b9ff0\" data-id=\"50b9ff0\" data-element_type=\"column\" data-e-type=\"column\">\n\t\t\t<div class=\"elementor-widget-wrap elementor-element-populated\">\n\t\t\t\t\t\t<div class=\"elementor-element elementor-element-1bed4e8 elementor-invisible elementor-widget elementor-widget-heading\" data-id=\"1bed4e8\" data-element_type=\"widget\" data-e-type=\"widget\" data-settings=\"{&quot;_animation&quot;:&quot;fadeInLeft&quot;}\" data-widget_type=\"heading.default\">\n\t\t\t\t<div class=\"elementor-widget-container\">\n\t\t\t\t\t<h2 class=\"elementor-heading-title elementor-size-default\">\u00a1Te presentamos a NEXUS: <\/h2>\t\t\t\t<\/div>\n\t\t\t\t<\/div>\n\t\t\t\t<div class=\"elementor-element elementor-element-a173462 elementor-invisible elementor-widget elementor-widget-heading\" data-id=\"a173462\" data-element_type=\"widget\" data-e-type=\"widget\" data-settings=\"{&quot;_animation&quot;:&quot;fadeInRight&quot;}\" data-widget_type=\"heading.default\">\n\t\t\t\t<div class=\"elementor-widget-container\">\n\t\t\t\t\t<h2 class=\"elementor-heading-title elementor-size-default\">Tu Aliado en la Aventura de <\/h2>\t\t\t\t<\/div>\n\t\t\t\t<\/div>\n\t\t\t\t<div class=\"elementor-element elementor-element-fef9261 elementor-invisible elementor-widget elementor-widget-heading\" data-id=\"fef9261\" data-element_type=\"widget\" data-e-type=\"widget\" data-settings=\"{&quot;_animation&quot;:&quot;fadeInLeft&quot;}\" data-widget_type=\"heading.default\">\n\t\t\t\t<div class=\"elementor-widget-container\">\n\t\t\t\t\t<h2 class=\"elementor-heading-title elementor-size-default\">La Migraci\u00f3n y la Reubicaci\u00f3n!<\/h2>\t\t\t\t<\/div>\n\t\t\t\t<\/div>\n\t\t\t\t\t<\/div>\n\t\t<\/div>\n\t\t\t\t\t<\/div>\n\t\t<\/section>\n\t\t\t\t<section class=\"elementor-section elementor-top-section elementor-element elementor-element-8b7d100 elementor-section-full_width elementor-section-content-middle elementor-section-height-default elementor-section-height-default\" data-id=\"8b7d100\" data-element_type=\"section\" data-e-type=\"section\">\n\t\t\t\t\t\t<div class=\"elementor-container elementor-column-gap-default\">\n\t\t\t\t\t<div class=\"elementor-column elementor-col-50 elementor-top-column elementor-element elementor-element-7ba230e\" data-id=\"7ba230e\" data-element_type=\"column\" data-e-type=\"column\">\n\t\t\t<div class=\"elementor-widget-wrap elementor-element-populated\">\n\t\t\t\t\t\t<div class=\"elementor-element elementor-element-1050d60 elementor-invisible elementor-widget elementor-widget-text-editor\" data-id=\"1050d60\" data-element_type=\"widget\" data-e-type=\"widget\" data-settings=\"{&quot;_animation&quot;:&quot;fadeInLeft&quot;}\" data-widget_type=\"text-editor.default\">\n\t\t\t\t<div class=\"elementor-widget-container\">\n\t\t\t\t\t\t\t\t\t<p>Bienvenido(a) a nuestra p\u00e1gina, donde te abrimos las puertas a un mundo de posibilidades y soluciones adaptadas a tus necesidades.<\/p><p>En NEXUS, comprendemos el impacto del creciente fen\u00f3meno migratorio y estamos aqu\u00ed para convertir los desaf\u00edos en oportunidades.<\/p>\t\t\t\t\t\t\t\t<\/div>\n\t\t\t\t<\/div>\n\t\t\t\t\t<\/div>\n\t\t<\/div>\n\t\t\t\t<div class=\"elementor-column elementor-col-50 elementor-top-column elementor-element elementor-element-6dcfbd6\" data-id=\"6dcfbd6\" data-element_type=\"column\" data-e-type=\"column\">\n\t\t\t<div class=\"elementor-widget-wrap elementor-element-populated\">\n\t\t\t\t\t\t<div class=\"elementor-element elementor-element-a138fbc elementor-invisible elementor-widget elementor-widget-image\" data-id=\"a138fbc\" data-element_type=\"widget\" data-e-type=\"widget\" data-settings=\"{&quot;_animation&quot;:&quot;fadeInRight&quot;}\" data-widget_type=\"image.default\">\n\t\t\t\t<div class=\"elementor-widget-container\">\n\t\t\t\t\t\t\t\t\t\t\t\t\t\t\t<img fetchpriority=\"high\" decoding=\"async\" width=\"800\" height=\"331\" src=\"https:\/\/nexusrelocation.mx\/wp-content\/uploads\/2023\/06\/nexus-logo-1-1024x424.png\" class=\"attachment-large size-large wp-image-1892\" alt=\"\" srcset=\"https:\/\/nexusrelocation.mx\/wp-content\/uploads\/2023\/06\/nexus-logo-1-1024x424.png 1024w, https:\/\/nexusrelocation.mx\/wp-content\/uploads\/2023\/06\/nexus-logo-1-300x124.png 300w, https:\/\/nexusrelocation.mx\/wp-content\/uploads\/2023\/06\/nexus-logo-1-768x318.png 768w, https:\/\/nexusrelocation.mx\/wp-content\/uploads\/2023\/06\/nexus-logo-1-1536x636.png 1536w, https:\/\/nexusrelocation.mx\/wp-content\/uploads\/2023\/06\/nexus-logo-1-2048x848.png 2048w\" sizes=\"(max-width: 800px) 100vw, 800px\" \/>\t\t\t\t\t\t\t\t\t\t\t\t\t\t\t<\/div>\n\t\t\t\t<\/div>\n\t\t\t\t\t<\/div>\n\t\t<\/div>\n\t\t\t\t\t<\/div>\n\t\t<\/section>\n\t\t\t\t<section class=\"elementor-section elementor-top-section elementor-element elementor-element-094ec2c elementor-section-full_width elementor-section-height-min-height elementor-section-height-default elementor-section-items-middle\" data-id=\"094ec2c\" data-element_type=\"section\" data-e-type=\"section\" data-settings=\"{&quot;background_background&quot;:&quot;video&quot;,&quot;background_video_link&quot;:&quot;https:\\\/\\\/nexusrelocation.mx\\\/wp-content\\\/uploads\\\/2023\\\/09\\\/black-computer-keyboard-and-gold-emigrate-key-2022-08-04-14-02-15-utc.mp4&quot;}\">\n\t\t\t\t\t\t\t\t<div class=\"elementor-background-video-container elementor-hidden-mobile\">\n\t\t\t\t\t\t\t\t\t\t\t\t\t<video class=\"elementor-background-video-hosted\" role=\"presentation\" autoplay muted playsinline loop><\/video>\n\t\t\t\t\t\t\t\t\t\t\t<\/div>\n\t\t\t\t\t\t\t\t\t<div class=\"elementor-background-overlay\"><\/div>\n\t\t\t\t\t\t\t<div class=\"elementor-container elementor-column-gap-default\">\n\t\t\t\t\t<div class=\"elementor-column elementor-col-100 elementor-top-column elementor-element elementor-element-c14fe3c\" data-id=\"c14fe3c\" data-element_type=\"column\" data-e-type=\"column\">\n\t\t\t<div class=\"elementor-widget-wrap\">\n\t\t\t\t\t\t\t<\/div>\n\t\t<\/div>\n\t\t\t\t\t<\/div>\n\t\t<\/section>\n\t\t\t\t<section class=\"elementor-section elementor-top-section elementor-element elementor-element-037f250 elementor-section-full_width elementor-section-content-middle elementor-section-height-default elementor-section-height-default\" data-id=\"037f250\" data-element_type=\"section\" data-e-type=\"section\">\n\t\t\t\t\t\t<div class=\"elementor-container elementor-column-gap-no\">\n\t\t\t\t\t<div class=\"elementor-column elementor-col-50 elementor-top-column elementor-element elementor-element-8373a2b\" data-id=\"8373a2b\" data-element_type=\"column\" data-e-type=\"column\">\n\t\t\t<div class=\"elementor-widget-wrap elementor-element-populated\">\n\t\t\t\t\t\t<div class=\"elementor-element elementor-element-a83c9b9 elementor-invisible elementor-widget elementor-widget-image\" data-id=\"a83c9b9\" data-element_type=\"widget\" data-e-type=\"widget\" data-settings=\"{&quot;_animation&quot;:&quot;fadeInDown&quot;}\" data-widget_type=\"image.default\">\n\t\t\t\t<div class=\"elementor-widget-container\">\n\t\t\t\t\t\t\t\t\t\t\t\t\t\t\t<img decoding=\"async\" width=\"800\" height=\"534\" src=\"https:\/\/nexusrelocation.mx\/wp-content\/uploads\/2023\/09\/rsz_full-length-of-family-with-two-little-kids-looking-2022-12-16-14-27-42-utc-1-1024x683.jpg\" class=\"attachment-large size-large wp-image-1984\" alt=\"\" srcset=\"https:\/\/nexusrelocation.mx\/wp-content\/uploads\/2023\/09\/rsz_full-length-of-family-with-two-little-kids-looking-2022-12-16-14-27-42-utc-1-1024x683.jpg 1024w, https:\/\/nexusrelocation.mx\/wp-content\/uploads\/2023\/09\/rsz_full-length-of-family-with-two-little-kids-looking-2022-12-16-14-27-42-utc-1-300x200.jpg 300w, https:\/\/nexusrelocation.mx\/wp-content\/uploads\/2023\/09\/rsz_full-length-of-family-with-two-little-kids-looking-2022-12-16-14-27-42-utc-1-768x512.jpg 768w, https:\/\/nexusrelocation.mx\/wp-content\/uploads\/2023\/09\/rsz_full-length-of-family-with-two-little-kids-looking-2022-12-16-14-27-42-utc-1-1536x1025.jpg 1536w, https:\/\/nexusrelocation.mx\/wp-content\/uploads\/2023\/09\/rsz_full-length-of-family-with-two-little-kids-looking-2022-12-16-14-27-42-utc-1-2048x1366.jpg 2048w\" sizes=\"(max-width: 800px) 100vw, 800px\" \/>\t\t\t\t\t\t\t\t\t\t\t\t\t\t\t<\/div>\n\t\t\t\t<\/div>\n\t\t\t\t\t<\/div>\n\t\t<\/div>\n\t\t\t\t<div class=\"elementor-column elementor-col-50 elementor-top-column elementor-element elementor-element-c31180f\" data-id=\"c31180f\" data-element_type=\"column\" data-e-type=\"column\">\n\t\t\t<div class=\"elementor-widget-wrap elementor-element-populated\">\n\t\t\t\t\t\t<div class=\"elementor-element elementor-element-d93587b elementor-invisible elementor-widget elementor-widget-text-editor\" data-id=\"d93587b\" data-element_type=\"widget\" data-e-type=\"widget\" data-settings=\"{&quot;_animation&quot;:&quot;fadeInRight&quot;}\" data-widget_type=\"text-editor.default\">\n\t\t\t\t<div class=\"elementor-widget-container\">\n\t\t\t\t\t\t\t\t\t<p>Imagina un camino hacia un nuevo pa\u00eds, una tierra llena de promesas y experiencias por descubrir. Sabemos que este paso puede parecer abrumador, tanto para ti como para tu familia. En NEXUS, no est\u00e1s solo(a).<\/p><p>Contamos con un equipo de profesionales altamente capacitados y dedicados, listos para escuchar y entender tus deseos y preocupaciones. Nuestra misi\u00f3n es ofrecerte las soluciones precisas que necesitas, brind\u00e1ndote un apoyo s\u00f3lido mientras te embarcas en esta emocionante nueva etapa.<\/p>\t\t\t\t\t\t\t\t<\/div>\n\t\t\t\t<\/div>\n\t\t\t\t\t<\/div>\n\t\t<\/div>\n\t\t\t\t\t<\/div>\n\t\t<\/section>\n\t\t\t\t<section class=\"elementor-section elementor-top-section elementor-element elementor-element-3af1e96 elementor-section-full_width elementor-section-content-middle elementor-section-height-default elementor-section-height-default\" data-id=\"3af1e96\" data-element_type=\"section\" data-e-type=\"section\">\n\t\t\t\t\t\t<div class=\"elementor-container elementor-column-gap-no\">\n\t\t\t\t\t<div class=\"elementor-column elementor-col-50 elementor-top-column elementor-element elementor-element-14be5bb\" data-id=\"14be5bb\" data-element_type=\"column\" data-e-type=\"column\">\n\t\t\t<div class=\"elementor-widget-wrap elementor-element-populated\">\n\t\t\t\t\t\t<div class=\"elementor-element elementor-element-e4efdfd elementor-invisible elementor-widget elementor-widget-text-editor\" data-id=\"e4efdfd\" data-element_type=\"widget\" data-e-type=\"widget\" data-settings=\"{&quot;_animation&quot;:&quot;fadeInLeft&quot;}\" data-widget_type=\"text-editor.default\">\n\t\t\t\t<div class=\"elementor-widget-container\">\n\t\t\t\t\t\t\t\t\t<p>Nos enorgullecemos de ser tu gu\u00eda en el proceso de migraci\u00f3n y reubicaci\u00f3n en M\u00e9xico. M\u00e1s que un simple cambio de ubicaci\u00f3n, esto es una oportunidad para crecer, aprender y prosperar.<\/p><p>Tu \u00e9xito es nuestra motivaci\u00f3n, y trabajamos incansablemente para garantizar que te enfrentes a cada desaf\u00edo con confianza y seguridad.<\/p>\t\t\t\t\t\t\t\t<\/div>\n\t\t\t\t<\/div>\n\t\t\t\t\t<\/div>\n\t\t<\/div>\n\t\t\t\t<div class=\"elementor-column elementor-col-50 elementor-top-column elementor-element elementor-element-4425aa3\" data-id=\"4425aa3\" data-element_type=\"column\" data-e-type=\"column\">\n\t\t\t<div class=\"elementor-widget-wrap elementor-element-populated\">\n\t\t\t\t\t\t<div class=\"elementor-element elementor-element-4abe54c elementor-invisible elementor-widget elementor-widget-image\" data-id=\"4abe54c\" data-element_type=\"widget\" data-e-type=\"widget\" data-settings=\"{&quot;_animation&quot;:&quot;fadeInDown&quot;}\" data-widget_type=\"image.default\">\n\t\t\t\t<div class=\"elementor-widget-container\">\n\t\t\t\t\t\t\t\t\t\t\t\t\t\t\t<img decoding=\"async\" width=\"800\" height=\"534\" src=\"https:\/\/nexusrelocation.mx\/wp-content\/uploads\/2023\/09\/ventajas-de-viajar-en-familia-a-cancun.jpg\" class=\"attachment-large size-large wp-image-2000\" alt=\"\" srcset=\"https:\/\/nexusrelocation.mx\/wp-content\/uploads\/2023\/09\/ventajas-de-viajar-en-familia-a-cancun.jpg 1000w, https:\/\/nexusrelocation.mx\/wp-content\/uploads\/2023\/09\/ventajas-de-viajar-en-familia-a-cancun-300x200.jpg 300w, https:\/\/nexusrelocation.mx\/wp-content\/uploads\/2023\/09\/ventajas-de-viajar-en-familia-a-cancun-768x512.jpg 768w\" sizes=\"(max-width: 800px) 100vw, 800px\" \/>\t\t\t\t\t\t\t\t\t\t\t\t\t\t\t<\/div>\n\t\t\t\t<\/div>\n\t\t\t\t\t<\/div>\n\t\t<\/div>\n\t\t\t\t\t<\/div>\n\t\t<\/section>\n\t\t\t\t<section class=\"elementor-section elementor-top-section elementor-element elementor-element-d8d9191 elementor-section-full_width elementor-section-content-middle elementor-section-height-default elementor-section-height-default\" data-id=\"d8d9191\" data-element_type=\"section\" data-e-type=\"section\" data-settings=\"{&quot;background_background&quot;:&quot;classic&quot;}\">\n\t\t\t\t\t\t<div class=\"elementor-container elementor-column-gap-no\">\n\t\t\t\t\t<div class=\"elementor-column elementor-col-50 elementor-top-column elementor-element elementor-element-6aeba9c\" data-id=\"6aeba9c\" data-element_type=\"column\" data-e-type=\"column\">\n\t\t\t<div class=\"elementor-widget-wrap elementor-element-populated\">\n\t\t\t\t\t\t<div class=\"elementor-element elementor-element-f7ee3dc elementor-invisible elementor-widget elementor-widget-image\" data-id=\"f7ee3dc\" data-element_type=\"widget\" data-e-type=\"widget\" data-settings=\"{&quot;_animation&quot;:&quot;fadeInDown&quot;}\" data-widget_type=\"image.default\">\n\t\t\t\t<div class=\"elementor-widget-container\">\n\t\t\t\t\t\t\t\t\t\t\t\t\t\t\t<img loading=\"lazy\" decoding=\"async\" width=\"730\" height=\"511\" src=\"https:\/\/nexusrelocation.mx\/wp-content\/uploads\/2023\/09\/perry_blog3_may.jpg\" class=\"attachment-large size-large wp-image-2032\" alt=\"\" srcset=\"https:\/\/nexusrelocation.mx\/wp-content\/uploads\/2023\/09\/perry_blog3_may.jpg 730w, https:\/\/nexusrelocation.mx\/wp-content\/uploads\/2023\/09\/perry_blog3_may-300x210.jpg 300w\" sizes=\"(max-width: 730px) 100vw, 730px\" \/>\t\t\t\t\t\t\t\t\t\t\t\t\t\t\t<\/div>\n\t\t\t\t<\/div>\n\t\t\t\t\t<\/div>\n\t\t<\/div>\n\t\t\t\t<div class=\"elementor-column elementor-col-50 elementor-top-column elementor-element elementor-element-093375f\" data-id=\"093375f\" data-element_type=\"column\" data-e-type=\"column\">\n\t\t\t<div class=\"elementor-widget-wrap elementor-element-populated\">\n\t\t\t\t\t\t<div class=\"elementor-element elementor-element-f896de7 elementor-invisible elementor-widget elementor-widget-text-editor\" data-id=\"f896de7\" data-element_type=\"widget\" data-e-type=\"widget\" data-settings=\"{&quot;_animation&quot;:&quot;fadeInRight&quot;}\" data-widget_type=\"text-editor.default\">\n\t\t\t\t<div class=\"elementor-widget-container\">\n\t\t\t\t\t\t\t\t\t<p>Desde responder a tus preguntas hasta proporcionarte informaci\u00f3n esencial, estamos aqu\u00ed para ti en cada paso del camino. Perm\u00edtenos allanar el camino para que puedas concentrarte en lo que realmente importa: hacer de tu estancia en M\u00e9xico una experiencia inolvidable y gratificante.<\/p>\t\t\t\t\t\t\t\t<\/div>\n\t\t\t\t<\/div>\n\t\t\t\t\t<\/div>\n\t\t<\/div>\n\t\t\t\t\t<\/div>\n\t\t<\/section>\n\t\t\t\t<section class=\"elementor-section elementor-top-section elementor-element elementor-element-628fede elementor-section-full_width elementor-section-content-middle elementor-section-height-default elementor-section-height-default\" data-id=\"628fede\" data-element_type=\"section\" data-e-type=\"section\" data-settings=\"{&quot;background_background&quot;:&quot;classic&quot;}\">\n\t\t\t\t\t\t<div class=\"elementor-container elementor-column-gap-no\">\n\t\t\t\t\t<div class=\"elementor-column elementor-col-50 elementor-top-column elementor-element elementor-element-f427760\" data-id=\"f427760\" data-element_type=\"column\" data-e-type=\"column\">\n\t\t\t<div class=\"elementor-widget-wrap elementor-element-populated\">\n\t\t\t\t\t\t<div class=\"elementor-element elementor-element-942310e elementor-invisible elementor-widget elementor-widget-text-editor\" data-id=\"942310e\" data-element_type=\"widget\" data-e-type=\"widget\" data-settings=\"{&quot;_animation&quot;:&quot;fadeInLeft&quot;}\" data-widget_type=\"text-editor.default\">\n\t\t\t\t<div class=\"elementor-widget-container\">\n\t\t\t\t\t\t\t\t\t<p>Y as\u00ed, con el coraz\u00f3n lleno de entusiasmo, te extendemos una c\u00e1lida invitaci\u00f3n a unirte a la familia NEXUS. Juntos, daremos vida a esta emocionante aventura y te ayudaremos a convertir este nuevo reto en un cap\u00edtulo repleto de \u00e9xitos y logros.<\/p><p>\u00a1Empecemos este viaje juntos! Tu futuro en M\u00e9xico est\u00e1 a solo un paso de convertirse en una realidad vibrante y enriquecedora. \u00a1Bienvenido(a) a NEXUS, donde tu sue\u00f1o de una nueva vida cobra vida!<\/p>\t\t\t\t\t\t\t\t<\/div>\n\t\t\t\t<\/div>\n\t\t\t\t\t<\/div>\n\t\t<\/div>\n\t\t\t\t<div class=\"elementor-column elementor-col-50 elementor-top-column elementor-element elementor-element-11b6dd0\" data-id=\"11b6dd0\" data-element_type=\"column\" data-e-type=\"column\">\n\t\t\t<div class=\"elementor-widget-wrap elementor-element-populated\">\n\t\t\t\t\t\t<div class=\"elementor-element elementor-element-55d1aea elementor-invisible elementor-widget elementor-widget-image\" data-id=\"55d1aea\" data-element_type=\"widget\" data-e-type=\"widget\" data-settings=\"{&quot;_animation&quot;:&quot;fadeInDown&quot;}\" data-widget_type=\"image.default\">\n\t\t\t\t<div class=\"elementor-widget-container\">\n\t\t\t\t\t\t\t\t\t\t\t\t\t\t\t<img loading=\"lazy\" decoding=\"async\" width=\"800\" height=\"534\" src=\"https:\/\/nexusrelocation.mx\/wp-content\/uploads\/2023\/09\/Mexico-con-Pin-1030x687-1-1024x683.jpg\" class=\"attachment-large size-large wp-image-2040\" alt=\"\" srcset=\"https:\/\/nexusrelocation.mx\/wp-content\/uploads\/2023\/09\/Mexico-con-Pin-1030x687-1-1024x683.jpg 1024w, https:\/\/nexusrelocation.mx\/wp-content\/uploads\/2023\/09\/Mexico-con-Pin-1030x687-1-300x200.jpg 300w, https:\/\/nexusrelocation.mx\/wp-content\/uploads\/2023\/09\/Mexico-con-Pin-1030x687-1-768x512.jpg 768w, https:\/\/nexusrelocation.mx\/wp-content\/uploads\/2023\/09\/Mexico-con-Pin-1030x687-1.jpg 1030w\" sizes=\"(max-width: 800px) 100vw, 800px\" \/>\t\t\t\t\t\t\t\t\t\t\t\t\t\t\t<\/div>\n\t\t\t\t<\/div>\n\t\t\t\t\t<\/div>\n\t\t<\/div>\n\t\t\t\t\t<\/div>\n\t\t<\/section>\n\t\t\t\t<section class=\"elementor-section elementor-top-section elementor-element elementor-element-a4a9a37 elementor-section-full_width elementor-section-height-min-height elementor-section-height-default elementor-section-items-middle\" data-id=\"a4a9a37\" data-element_type=\"section\" data-e-type=\"section\" data-settings=\"{&quot;background_background&quot;:&quot;video&quot;,&quot;background_video_link&quot;:&quot;https:\\\/\\\/nexusrelocation.mx\\\/wp-content\\\/uploads\\\/2023\\\/09\\\/travel-suitcases-featuring-flag-of-mexico-2022-09-07-00-42-41-utc.mp4&quot;}\">\n\t\t\t\t\t\t\t\t<div class=\"elementor-background-video-container elementor-hidden-mobile\">\n\t\t\t\t\t\t\t\t\t\t\t\t\t<video class=\"elementor-background-video-hosted\" role=\"presentation\" autoplay muted playsinline loop><\/video>\n\t\t\t\t\t\t\t\t\t\t\t<\/div>\n\t\t\t\t\t\t\t\t\t<div class=\"elementor-background-overlay\"><\/div>\n\t\t\t\t\t\t\t<div class=\"elementor-container elementor-column-gap-default\">\n\t\t\t\t\t<div class=\"elementor-column elementor-col-100 elementor-top-column elementor-element elementor-element-eae4f18\" data-id=\"eae4f18\" data-element_type=\"column\" data-e-type=\"column\">\n\t\t\t<div class=\"elementor-widget-wrap\">\n\t\t\t\t\t\t\t<\/div>\n\t\t<\/div>\n\t\t\t\t\t<\/div>\n\t\t<\/section>\n\t\t\t\t<\/div>\n\t\t","protected":false},"excerpt":{"rendered":"<p>\u00a1Te presentamos a NEXUS: Tu Aliado en la Aventura de La Migraci\u00f3n y la Reubicaci\u00f3n! Bienvenido(a) a nuestra p\u00e1gina, donde te abrimos las puertas a un mundo de posibilidades y soluciones adaptadas a tus necesidades. En NEXUS, comprendemos el impacto del creciente fen\u00f3meno migratorio y estamos aqu\u00ed para convertir los desaf\u00edos en oportunidades. Imagina un [&hellip;]<\/p>\n","protected":false},"author":1,"featured_media":0,"parent":0,"menu_order":0,"comment_status":"closed","ping_status":"closed","template":"elementor_header_footer","meta":{"footnotes":""},"class_list":["post-1905","page","type-page","status-publish","hentry"],"_links":{"self":[{"href":"https:\/\/nexusrelocation.mx\/index.php\/wp-json\/wp\/v2\/pages\/1905","targetHints":{"allow":["GET"]}}],"collection":[{"href":"https:\/\/nexusrelocation.mx\/index.php\/wp-json\/wp\/v2\/pages"}],"about":[{"href":"https:\/\/nexusrelocation.mx\/index.php\/wp-json\/wp\/v2\/types\/page"}],"author":[{"embeddable":true,"href":"https:\/\/nexusrelocation.mx\/index.php\/wp-json\/wp\/v2\/users\/1"}],"replies":[{"embeddable":true,"href":"https:\/\/nexusrelocation.mx\/index.php\/wp-json\/wp\/v2\/comments?post=1905"}],"version-history":[{"count":134,"href":"https:\/\/nexusrelocation.mx\/index.php\/wp-json\/wp\/v2\/pages\/1905\/revisions"}],"predecessor-version":[{"id":2088,"href":"https:\/\/nexusrelocation.mx\/index.php\/wp-json\/wp\/v2\/pages\/1905\/revisions\/2088"}],"wp:attachment":[{"href":"https:\/\/nexusrelocation.mx\/index.php\/wp-json\/wp\/v2\/media?parent=1905"}],"curies":[{"name":"wp","href":"https:\/\/api.w.org\/{rel}","templated":true}]}}